{"id":7,"date":"2013-02-12T09:08:25","date_gmt":"2013-02-12T08:08:25","guid":{"rendered":"http:\/\/test.vendesiaffittasi.it\/pagine\/?page_id=7"},"modified":"2023-12-19T11:19:40","modified_gmt":"2023-12-19T10:19:40","slug":"chi-siamo","status":"publish","type":"page","link":"https:\/\/www.vendesiaffittasi.it\/pagine\/chi-siamo\/","title":{"rendered":"Chi Siamo"},"content":{"rendered":"<p><a title=\"Guarda il video di presentazione.\" href=\"http:\/\/www.youtube.com\/watch?feature=player_embedded&amp;v=NgREJiGNfKg\" target=\"_blank\" rel=\"noopener\">Vendesiaffittasi.it<\/a> \u00e8 un portale di annunci immobiliari che si propone come valido punto di incontro tra le Agenzie Immobiliari inserzioniste e gli utenti che stanno cercando una nuova soluzione immobiliare.<br \/>\nCostruito con le pi\u00f9 recenti tecniche di programmazione e costantemente aggiornato nel corso degli anni, si rende facilmente fruibile da qualunque tipologia di utenti, di facile utilizzo per i meno esperti e di sicuro interesse per i pi\u00f9 esigenti.<br \/>\nVendesiaffittasi.it nasce in seno <span style=\"color: #008000;\"><a href=\"http:\/\/smartly.it\/\"><span style=\"color: #008000;\">all\u2019Agenzia Smart di Claudio D&#8217;Aurelio<\/span><\/a><\/span> nel lontano 2000. In alcune province italiane vendesiaffittasi.it online \u00e8 affiancato dalla sua <span style=\"color: #008000;\"><a title=\"Sfoglia la pubblicazione online!\" href=\"http:\/\/www.youblisher.com\/p\/543612-Vendesiaffittasi-it-FEBBRAIO-2013\/\" target=\"_blank\" rel=\"noopener\"><span style=\"color: #008000;\">versione &#8220;cartacea&#8221;<\/span><\/a><\/span> nella forma di pubblicazione mensile a distribuzione gratuita.<br \/>\nInteramente curata da Smart,la pubblicazione periodica &#8220;vendesiaffittasi.it&#8221;\u00a0 \u00e8 da anni leader nelle pubblicazioni freepress immobiliari nelle zone ove \u00e8 diffuso.<\/p>\n<h1><span style=\"color: #008000;\">Pubblicazione + portale immobiliare = Binomio vincente<\/span><\/h1>\n<p><a href=\"http:\/\/test.vendesiaffittasi.it\/pagine\/chi-siamo\/espositore-da-banco-vendesiaffittasi\/\" rel=\"attachment wp-att-54\"><img loading=\"lazy\" decoding=\"async\" class=\"alignleft size-medium wp-image-54\" alt=\"Espositore da banco vendesiaffittasi\" src=\"http:\/\/test.vendesiaffittasi.it\/pagine\/wp-content\/uploads\/2013\/02\/espositore-da-banco-vendesiaffittasi-204x300.png\" width=\"204\" height=\"300\" srcset=\"https:\/\/www.vendesiaffittasi.it\/pagine\/wp-content\/uploads\/2013\/02\/espositore-da-banco-vendesiaffittasi-204x300.png 204w, https:\/\/www.vendesiaffittasi.it\/pagine\/wp-content\/uploads\/2013\/02\/espositore-da-banco-vendesiaffittasi.png 273w\" sizes=\"(max-width: 204px) 100vw, 204px\" \/><\/a>La pubblicazione ed il sito internet, correlati in tal modo, costituiscono due differenti media perfettamente integrati e complementari.<br \/>\nI due differenti media costituiscono una sinergia perfetta attraverso la quale scegliere di veicolare il proprio messaggio pubblicitario.<br \/>\nDecine di migliaia di persone ogni mese leggono la nostra rivista e navigano nel nostro portale internet.<br \/>\nDare visibilit\u00e0 alla tua attivit\u00e0 sui nostri media, a parit\u00e0 di utenti raggiunti, costa molto meno che investire in altri modi e i clienti che ci hanno gi\u00e0 scelto lo sanno bene.<\/p>\n<h1><span style=\"color: #008000;\">Esperienza al vostro servizio<\/span><\/h1>\n<p>Forti di una pluridecennale esperienza maturata in campo pubblicitario,\u00a0 mettiamo a frutto la nostra passione, la nostra creativit\u00e0 e il nostro gusto nella grafica pubblicitaria e nel web design per realizzare prodotti dal forte impatto e dotati di una propria personalit\u00e0 stilistica.<br \/>\nL\u2019Agenzia Smart \u00e8 in grado oggi di offrire un servizio completo che va dallo studio dell&#8217;immagine fino alla fornitura del prodotto stampato.<br \/>\nSempre alla ricerca di soluzioni creative ed originali per comunicare in modo efficace la tua immagine aziendale, i nostri grafici utilizzano le tecnologie pi\u00f9 all&#8217;avanguardia per fornire ai propri clienti.<\/p>\n<h1><span style=\"color: #008000;\">Sempre al tuo fianco<\/span><\/h1>\n<p>Il nostro staff, sempre in costante contatto con la clientela, garantisce in ogni momento un valido sostegno professionale.<br \/>\nAnalizza i tuoi obiettivi di mercato, il tuo target di clientela, i tuoi principali concorrenti creando per te l&#8217;immagine coordinata in grado di comunicare il valore e i valori della tua azienda in modo chiaro, creativo e unico.<br \/>\nPer maggiori informazioni o per un preventivo personalizzato e gratuito, <span style=\"color: #008000;\"><a title=\"Contattaci\" href=\"http:\/\/test.vendesiaffittasi.it\/pagine\/contatti\/\"><span style=\"color: #008000;\">contattaci e i nostri esperti<\/span><\/a><\/span> di strategia comunicativa, dopo un colloquio gratuito, prepareranno per te un documento di analisi e un ventaglio di soluzioni personalizzate.<\/p>\n","protected":false},"excerpt":{"rendered":"<p>Vendesiaffittasi.it \u00e8 un portale di annunci immobiliari che si propone come valido punto di incontro tra le Agenzie Immobiliari inserzioniste e gli utenti che stanno cercando una nuova soluzione immobiliare. Costruito con le pi\u00f9 recenti tecniche di programmazione e costantemente aggiornato nel corso degli anni, si rende facilmente fruibile da qualunque tipologia di utenti, di [&hellip;]<\/p>\n","protected":false},"author":1,"featured_media":0,"parent":0,"menu_order":0,"comment_status":"closed","ping_status":"open","template":"page-templates\/full-width.php","meta":{"footnotes":""},"_links":{"self":[{"href":"https:\/\/www.vendesiaffittasi.it\/pagine\/wp-json\/wp\/v2\/pages\/7"}],"collection":[{"href":"https:\/\/www.vendesiaffittasi.it\/pagine\/wp-json\/wp\/v2\/pages"}],"about":[{"href":"https:\/\/www.vendesiaffittasi.it\/pagine\/wp-json\/wp\/v2\/types\/page"}],"author":[{"embeddable":true,"href":"https:\/\/www.vendesiaffittasi.it\/pagine\/wp-json\/wp\/v2\/users\/1"}],"replies":[{"embeddable":true,"href":"https:\/\/www.vendesiaffittasi.it\/pagine\/wp-json\/wp\/v2\/comments?post=7"}],"version-history":[{"count":34,"href":"https:\/\/www.vendesiaffittasi.it\/pagine\/wp-json\/wp\/v2\/pages\/7\/revisions"}],"predecessor-version":[{"id":282,"href":"https:\/\/www.vendesiaffittasi.it\/pagine\/wp-json\/wp\/v2\/pages\/7\/revisions\/282"}],"wp:attachment":[{"href":"https:\/\/www.vendesiaffittasi.it\/pagine\/wp-json\/wp\/v2\/media?parent=7"}],"curies":[{"name":"wp","href":"https:\/\/api.w.org\/{rel}","templated":true}]}}