{"id":276,"date":"2015-06-16T15:45:57","date_gmt":"2015-06-16T13:45:57","guid":{"rendered":"http:\/\/www.vendesiaffittasi.it\/pagine\/?page_id=276"},"modified":"2023-12-19T11:19:40","modified_gmt":"2023-12-19T10:19:40","slug":"informativa-estesa-sulluso-dei-cookie","status":"publish","type":"page","link":"https:\/\/www.vendesiaffittasi.it\/pagine\/informativa-estesa-sulluso-dei-cookie\/","title":{"rendered":"Informativa estesa sull\u2019uso dei Cookie"},"content":{"rendered":"<h2>Uso dei cookie<\/h2>\n<p>Agenzieimmobiliaritopre.it o il \u201c<strong>Sito<\/strong>\u201d utilizza i Cookie per rendere i propri servizi semplici e efficienti per l\u2019utenza che visiona le pagine del Sito.<\/p>\n<p>Gli utenti che visionano il Sito, vedranno inserite delle <strong>quantit\u00e0 minime di informazioni<\/strong> nei dispositivi in uso, che siano computer e periferiche mobili, in piccoli file di testo denominati \u201ccookie\u201d salvati nelle directory utilizzate dal browser web dell\u2019Utente.<\/p>\n<p>Disabilitando i cookie alcuni dei nostri servizi potrebbero non funzionare correttamente e alcune pagine non le visualizzerai correttamente.<\/p>\n<p>Vi sono <strong>vari tipi di cookie<\/strong>, alcuni per rendere pi\u00f9 efficace l\u2019uso del Sito, altri per abilitare determinate funzionalit\u00e0.<\/p>\n<p>Analizzandoli in maniera particolareggiata i nostri cookie permettono di:<\/p>\n<ul>\n<li>memorizzare le preferenze inserite<\/li>\n<li>evitare di reinserire le stesse informazioni pi\u00f9 volte durante la visita quali ad esempio nome utente e password<\/li>\n<li>analizzare l\u2019utilizzo dei servizi e dei contenuti forniti dal Sito per ottimizzarne l\u2019esperienza di navigazione e i servizi offerti<\/li>\n<\/ul>\n<h2>Tipologie di Cookie utilizzati<\/h2>\n<p>A seguire i vari tipi di cookie utilizzati in funzione delle finalit\u00e0 d\u2019uso<\/p>\n<h3>Cookie Tecnici<\/h3>\n<p>Questa tipologia di cookie \u00e8 strettamente necessaria al <strong>corretto funzionamento di alcune sezioni del Sito<\/strong>. Sono di due categorie: persistenti e di sessione:<\/p>\n<ul>\n<li><strong>persistenti<\/strong>: una volta chiuso il browser non vengono distrutti ma rimangono fino ad una data di scadenza preimpostata<\/li>\n<li><strong>di sessioni<\/strong>: vengono distrutti ogni volta che il browser viene chiuso<\/li>\n<\/ul>\n<p>Questi cookie, inviati sempre dal nostro dominio, <strong>sono necessari a visualizzare correttamente il sito<\/strong> e in relazione ai servizi tecnici offerti, verranno quindi <strong>sempre utilizzati e inviati<\/strong>, a meno che l\u2019utenza non modifichi le impostazioni nel proprio browser (inficiando cos\u00ec la visualizzazione delle pagine del sito).<\/p>\n<h3>Cookie analitici<\/h3>\n<p>I cookie in questa categoria vengono utilizzati per <strong>collezionare informazioni sull\u2019uso del sito<\/strong>. Il Sito user\u00e0 queste informazioni in merito ad <strong>analisi statistiche anonime<\/strong> al fine di migliorare l\u2019utilizzo del Sito stesso e per rendere i contenuti pi\u00f9 interessanti e attinenti ai desideri dell\u2019utenza. Questa tipologia di cookie raccoglie dati in <strong>forma anonima<\/strong> sull\u2019attivit\u00e0 dell\u2019utenza e su come \u00e8 arrivata sul Sito. I cookie analitici sono inviati dal Sito Stesso o da domini di terze parti.<\/p>\n<h3>Cookie di analisi di servizi di terze parti<\/h3>\n<p>Questi cookie sono utilizzati al fine di raccogliere informazioni sull\u2019<strong>uso del Sito<\/strong> da parte degli utenti in <strong>forma anonima<\/strong> quali: pagine visitate, tempo di permanenza, origini del traffico di provenienza, provenienza geografica, et\u00e0, genere e interessi ai fini di campagne di marketing. Questi cookie sono inviati da domini di terze parti esterni al Sito, nel nostro caso da Google Analytics.<\/p>\n<h3>Cookie per integrare prodotti e funzioni di software di terze parti<\/h3>\n<p>Questa tipologia di cookie <strong>integra funzionalit\u00e0 sviluppate da terzi<\/strong> all\u2019interno delle pagine del Sito come le icone e le preferenze espresse nei social network al fine di condivisione dei contenuti del sito o per l\u2019uso di servizi software di terze parti (come i software per generare le mappe e ulteriori software che offrono servizi aggiuntivi). Questi cookie sono inviati da <strong>domini di terze parti<\/strong> e da <strong>siti partner<\/strong> che offrono le loro funzionalit\u00e0 tra le pagine del Sito.<\/p>\n<h3>Cookie di profilazione<\/h3>\n<p>Sono quei cookie necessari a creare profili utenti al fine di inviare messaggi pubblicitari in linea con le preferenze manifestate dall\u2019utente all\u2019interno delle pagine del Sito.<\/p>\n<p>Nel nostro Sito non utilizziamo cookie di profilazione.<\/p>\n<hr \/>\n<p>Secondo la normativa vigente, non siamo tenuti a chiedere consenso per i <strong>cookie tecnici<\/strong>, in quanto necessari a fornire i servizi richiesti.<\/p>\n<p>Per tutte le altre tipologie di cookie il consenso pu\u00f2 essere espresso dall\u2019Utente con una o pi\u00f9 di una delle seguenti modalit\u00e0:<\/p>\n<ul>\n<li><strong>Mediante specifiche configurazioni del browser<\/strong> utilizzato o dei relativi programmi informatici utilizzati per navigare le pagine che compongono il Sito.<\/li>\n<li><strong>Mediante modifica delle impostazioni<\/strong> nell\u2019uso dei servizi di terze parti<\/li>\n<\/ul>\n<p>Entrambe queste soluzioni potrebbero impedire all\u2019utente di utilizzare o visualizzare parti del Sito.<\/p>\n<p><strong>Siti Web e servizi di terze parti<\/strong><\/p>\n<p>Il Sito potrebbe contenere collegamenti ad altri siti Web che dispongono di una propria informativa sulla privacy che pu\u00f2 essere diverse da quella adottata dal Sito e che che quindi <strong>non risponde<\/strong> di questi siti.<\/p>\n<p><strong>Analitycs e Google Analytics<\/strong><\/p>\n<p>Questo sito web utilizza <strong>Google Analytics<\/strong>, un servizio di analisi web fornito da Google, Inc. (&#8220;Google&#8221;). Anche Google Analytics utilizza dei &#8220;cookies&#8221;, ma su questo sito sono &#8220;anonimizzati&#8221;: pertanto non rientrano nella categoria dei cookies di profilazione che richiedono una esplicita autorizzazione.<\/p>\n<p>Le informazioni generate dal cookie sull&#8217;utilizzo del sito web da parte del visitatore (compreso il Suo indirizzo IP mascherato per non essere riconoscibile) vengono trasmesse e depositate presso i server di <strong>Google<\/strong> negli Stati Uniti. <strong>Google<\/strong> utilizzer\u00e0 queste informazioni allo scopo di tracciare e esaminare l&#8217;utilizzo del sito web, compilare report sulle attivit\u00e0 del sito web per gli operatori del sito web e fornire altri servizi relativi alle attivit\u00e0 del sito web e all&#8217;utilizzo di Internet. <strong>Google<\/strong> pu\u00f2 anche trasferire queste informazioni a terzi ove ci\u00f2 sia imposto dalla legge o laddove tali terzi trattino le suddette informazioni per conto di <strong>Google<\/strong>.<\/p>\n<p><strong>Google<\/strong> non assocer\u00e0 il Suo indirizzo IP a nessun altro dato posseduto da <strong>Google<\/strong>.<\/p>\n<p>Utilizzando il presente sito web, voi acconsentite al trattamento dei Vostri dati da parte di <strong>Google<\/strong> per le modalit\u00e0 e i fini sopraindicati. Per avere maggiori informazioni in merito al trattamento dei dati effettuati da parte di Google, il visitatore pu\u00f2 consultare la sua <a href=\"https:\/\/support.google.com\/analytics\/topic\/2919631?hl=it&amp;ref_topic=1008008\">Politica di gestione della Privacy<\/a>.<\/p>\n<h3>Disattivazione dei cookies<\/h3>\n<p>Il visitatore pu\u00f2 rifiutare di usare i cookies selezionando l&#8217;impostazione appropriata sul browser utilizzato, ma ci\u00f2 potrebbeimpedirgli di utilizzare tutte le funzionalit\u00e0 di questo sito web ed il suo corretto funzionamento<\/p>\n<p><strong>Se il visitatore non desidera che il Suo browser accetti Cookies, egli potr\u00e0 impostare l\u2019opzione che esclude l\u2019accettazione di cookies configurandolo opportunamente. Se si desiderano maggiori informazioni sul come effettuare questa operazione \u00e8 possibile consultare il sito <a href=\"http:\/\/www.aboutcookies.org\/default.aspx?page=1\" target=\"_blank\" rel=\"noopener\">www.aboutcookies.org<\/a> (in lingua inglese) o <a href=\"http:\/\/www.youronlinechoices.com\/it\/\" target=\"_blank\" rel=\"noopener\">www.youronlinechoices.com\/it<\/a> (in italiano)<br \/>\n<\/strong><\/p>\n<p><span style=\"color: #ff0000;\"><small><strong>ATTENZIONE<\/strong>: Disabilitare i cookies significher\u00e0 impedire a questo sito di funzionare propriamente. La visita del sito potrebbe essere compromessa e non fornire una corretta visualizzazione.<\/small><\/span><\/p>\n<p>Questa pagina \u00e8 visibile, mediante link in calce in tutte le pagine del Sito ai sensi dell\u2019art. 122 secondo comma del D.lgs. 196\/2003 e a seguito delle modalit\u00e0 semplificate per l\u2019informativa e l\u2019acquisizione del consenso per l\u2019uso dei cookie pubblicata sulla Gazzetta Ufficiale n.126 del 3 giugno 2014 e relativo registro dei provvedimenti n.229 dell\u20198 maggio 2014.<\/p>\n","protected":false},"excerpt":{"rendered":"<p>Uso dei cookie Agenzieimmobiliaritopre.it o il \u201cSito\u201d utilizza i Cookie per rendere i propri servizi semplici e efficienti per l\u2019utenza che visiona le pagine del Sito. Gli utenti che visionano il Sito, vedranno inserite delle quantit\u00e0 minime di informazioni nei dispositivi in uso, che siano computer e periferiche mobili, in piccoli file di testo denominati [&hellip;]<\/p>\n","protected":false},"author":1,"featured_media":0,"parent":0,"menu_order":0,"comment_status":"closed","ping_status":"open","template":"page-templates\/full-width.php","meta":{"footnotes":""},"_links":{"self":[{"href":"https:\/\/www.vendesiaffittasi.it\/pagine\/wp-json\/wp\/v2\/pages\/276"}],"collection":[{"href":"https:\/\/www.vendesiaffittasi.it\/pagine\/wp-json\/wp\/v2\/pages"}],"about":[{"href":"https:\/\/www.vendesiaffittasi.it\/pagine\/wp-json\/wp\/v2\/types\/page"}],"author":[{"embeddable":true,"href":"https:\/\/www.vendesiaffittasi.it\/pagine\/wp-json\/wp\/v2\/users\/1"}],"replies":[{"embeddable":true,"href":"https:\/\/www.vendesiaffittasi.it\/pagine\/wp-json\/wp\/v2\/comments?post=276"}],"version-history":[{"count":2,"href":"https:\/\/www.vendesiaffittasi.it\/pagine\/wp-json\/wp\/v2\/pages\/276\/revisions"}],"predecessor-version":[{"id":285,"href":"https:\/\/www.vendesiaffittasi.it\/pagine\/wp-json\/wp\/v2\/pages\/276\/revisions\/285"}],"wp:attachment":[{"href":"https:\/\/www.vendesiaffittasi.it\/pagine\/wp-json\/wp\/v2\/media?parent=276"}],"curies":[{"name":"wp","href":"https:\/\/api.w.org\/{rel}","templated":true}]}}