{"id":152,"date":"2013-05-06T19:59:19","date_gmt":"2013-05-06T17:59:19","guid":{"rendered":"http:\/\/www.vendesiaffittasi.it\/pagine\/?page_id=152"},"modified":"2023-12-19T11:19:41","modified_gmt":"2023-12-19T10:19:41","slug":"informativa-sulla-privacy","status":"publish","type":"page","link":"https:\/\/www.vendesiaffittasi.it\/pagine\/informativa-sulla-privacy\/","title":{"rendered":"Informativa sulla Privacy"},"content":{"rendered":"<p><strong>Informativa sulla Privacy<\/strong><\/p>\n<p>Come previsto dal Decreto Legislativo n. 196 del 30 giugno 2003 che ha sostituito la Legge n. 675 del 31 dicembre 1996, la societ\u00e0 Smart di Claudio D&#8217;Aurelio con sede in Chieti in via Madonna degli Angeli, 30\/b &#8211; 66100 Chieti con P.IVA 02000620696, titolare del trattamento dati (d\u2019ora innanzi \u201cTitolare\u201d) relativo al sito www.agenzieimmobiliaritopre.it in persona del suo rappresentante delegato su questa materia, desidera informarla di quanto segue: Il Decreto Legislativo n. 196 del 30 Giugno 2003 \u201cCodice in materia di protezione dei dati personali\u201d disciplina le modalit\u00e0 per la raccolta, il trattamento, la conservazione e l\u2019eventuale comunicazione e\/o diffusione dei dati personali, specificando diritti e doveri dei soggetti interessati. Il trattamento dei dati personali da parte del Titolare rispetta quanto previsto dalla normativa in vigore.<\/p>\n<p><strong> Tipologia di utenti<\/strong><\/p>\n<p>In relazione all\u2019utilizzo del sito vi sono due tipologie di utenti:<br \/>\n&#8211; Aziende (es. agenzie immobiliari, imprese edili, ecc.);<br \/>\n&#8211; Privati<br \/>\nI privati possono accedere ad alcuni servizi (es. ricerca di agenzie e\/o immobili) in maniera anonima, mentre per altri servizi (es. ricevere informazioni in modo automatico) \u00e8 necessario registrarsi prima dell\u2019uso. Le aziende invece accedono al servizio dopo la registrazione.<\/p>\n<p><strong> DATI FORNITI DAGLI UTENTI<\/strong><\/p>\n<p>L\u2019invio facoltativo, esplicito e volontario di posta elettronica e\/o tradizionale agli indirizzi indicati su questo sito comporta la successiva acquisizione dell\u2019indirizzo del mittente, necessario per rispondere alle richieste, nonch\u00e9 degli eventuali altri dati personali inseriti nella missiva. Nel sito sono predisposti alcuni servizi (\u201cform\u201d) a richiesta che prevedono l\u2019invio di e-mail e\/o la registrazione di propri dati e la diffusione degli stessi, ai soggetti previsti dal servizio. Il Titolare raccoglie i dati delle aziende sia \u201con line\u201d sul sito web, sia mediante il contatto diretto e la stipula di contratti. Nessun dato sensibile \u00e8 richiesto e, nella eventualit\u00e0 ne venissero inseriti, il Titolare non se ne assume alcuna responsabilit\u00e0, provvedendo, nel momento in cui ne venisse a conoscenza, all\u2019immediata eliminazione. Il Titolare si esclude altress\u00ec da qualsiasi responsabilit\u00e0 per l\u2019utilizzo improprio dei dati, da parte dei terzi a cui vengono trasmessi e\/o messi a disposizione su richiesta dell\u2019utente.<\/p>\n<p><strong> TIPOLOGIE E MODALITA\u2019 DEI DATI TRATTATI<\/strong><\/p>\n<p>Il conferimento del consenso al trattamento dei propri dati personali da parte dell\u2019Utente \u00e8 facoltativo, ma un eventuale rifiuto dell\u2019interessato comporter\u00e0 l\u2019impossibilit\u00e0 per il Titolare di dare seguito alle richieste e di espletare i servizi richiesti.<br \/>\nI sistemi informatici e le procedure software preposte al funzionamento del sito acquisiscono, nel corso del loro normale esercizio, alcuni dati personali la cui trasmissione \u00e8 implicita nell\u2019uso dei protocolli di comunicazione di Internet. Si tratta di informazioni che non sono raccolte per essere associate a interessati identificati, ma che per loro stessa natura potrebbero, attraverso elaborazioni ed associazioni con dati detenuti da terzi, permettere di identificare gli utenti. In questa categoria di dati rientrano gli indirizzi IP o i nomi a dominio del computer utilizzati dagli utenti che si connettono al sito, gli indirizzi di notazione URI (Uniform Resource Identifier) delle risorse richieste, l\u2019orario della richiesta, il metodo utilizzato nel sottoporre la richiesta al server, la dimensione del file contenuto in risposta, il codice numerico indicante lo stato della risposta data dal server (buon fine, errore, ecc.) ed altri parametri relativi al sistema operativo e all\u2019ambiente informatico dell\u2019utente. Questi dati vengono utilizzati al solo fine di ricavare informazioni statistiche anonime sull\u2019uso del sito e per controllarne il corretto funzionamento e vengono cancellati immediatamente dopo l\u2019elaborazione. I dati potrebbero essere utilizzati per l\u2019accertamento di responsabilit\u00e0 in caso di ipotetici reati informatici ai danni del sito: salva questa eventualit\u00e0, vengono conservati per il periodo previsto dall\u2019attuale normativa.<\/p>\n<p><strong> FINALITA\u2019 DEL TRATTAMENTO<\/strong><\/p>\n<p>II dati raccolti tramite il sito, trattati in modo lecito e secondo principi di correttezza, saranno utilizzati, previo consenso dell\u2019utente, al fine di ottenere i servizi previsti nel sito stesso. Il trattamento dei dati pu\u00f2 essere finalizzato alla rilevazione del grado di soddisfazione del visitatore ed utente sulla qualit\u00e0 dei servizi resi. I dati raccolti possono essere utilizzati per fornire i servizi legati all\u2019ottenimento di proposte commerciali e alla richiesta di finanziamenti offerti da banche o societ\u00e0 finanziarie. Il trattamento dei dati pu\u00f2 essere diretto all\u2019espletamento delle finalit\u00e0 di informazione e promozione commerciale di prodotti distribuiti dalla societ\u00e0 e da societ\u00e0 terze il cui elenco \u00e8 disponibile presso la sede legale della societ\u00e0. L\u2019invio di messaggi di posta elettronica agli indirizzi eventualmente presenti nel sito, comporta l\u2019acquisizione da parte della Societ\u00e0 dell\u2019indirizzo del mittente. Tale indirizzo, unitamente agli altri dati personali eventualmente raccolti, \u00e8 necessario per poter rispondere alle richieste inviate e per poter fornire i servizi espressamente richiesti. Il Titolare tratta i dati personali e li elabora sia direttamente sia avvalendosi dell\u2019opera di altri soggetti che agiranno in veste di Responsabili, interni o eventualmente esterni alla struttura del Titolare, oppure in veste di incaricati. Sono previste opportune misure di sicurezza per evitare l\u2019uso non corretto o illecito dei dati, l\u2019accesso da parte di soggetti non abilitati e la perdita dei dati stessi. Nessun dato raccolto tramite il sito \u00e8 soggetto a diffusione se non con la finalit\u00e0 di erogare il servizio previsto dal sito ed esclusivamente a societ\u00e0 clienti del Titolare. Lei prende atto che qualsiasi dato personale da lei fornito al sito potr\u00e0 essere trasferito al di fuori dell\u2019Unione Europea.<br \/>\nCon la sottoscrizione del presente modulo, lei dichiara di acconsentire anche al trasferimento dei suoi dati personali al di fuori dell\u2019Unione Europea ai sensi di quanto previsto dal presente paragrafo.<\/p>\n<p><strong> SICUREZZA DEI DATI<\/strong><\/p>\n<p>I dati raccolti ed oggetto di trattamento sono protetti con metodologie fisiche e logiche tali da ridurre al minimo i rischi di accesso non consentito, diffusione, perdita e distruzione dei dati, ai sensi del D.Lgs. 196\/2003 e dell\u2019allegato \u201cDisciplinare tecnico\u201d.<\/p>\n<p><strong> UTILIZZO DEI COOKIES<\/strong><\/p>\n<p>Fare riferimento alla pagina sulla <strong><span style=\"color: #99cc00;\">&#8220;<a style=\"color: #99cc00;\" href=\"https:\/\/vendesiaffittasi.it\/pagine\/informativa-estesa-sulluso-dei-cookie\">Informativa estesa sull\u2019uso dei Cookie<\/a>&#8220;.<\/span><\/strong><br \/>\nNessun dato personale degli utenti viene in proposito acquisito dal sito, non utilizza cookies per la trasmissione di informazioni di carattere personale, n\u00e9 cookies persistenti di alcun tipo, ovvero sistemi per il tracciamento degli utenti. I cookies hanno lo scopo di velocizzare l\u2019analisi del traffico su Internet e facilitare agli utenti l\u2019accesso ai servizi offerti dal sito. Il sito contiene anche annunci, banner pubblicitari e link sponzorizzati, forniti da aziende pubblicitarie indipendenti. Queste aziende potrebbero invece utilizzare cookies per raccogliere dati (che non includono il nome, indirizzo, indirizzo e-mail o numero di telefono dell\u2019utente) sulle visite dell\u2019utente a questo e altri siti web per creare annunci pubblicitari su prodotti e servizi che potrebbero interessargli.<\/p>\n<p><strong> DURATA DEL TRATTAMENTO<\/strong><\/p>\n<p>Il trattamento dei dati avr\u00e0 durata non superiore a quanto necessario per soddisfare lo scopo della raccolta, ovvero la memorizzazione di criteri di ricerca, la notifica, la pubblicazione di annunci e il contatto di agenzie. Quindi, il trattamento durer\u00e0 fino a quando l\u2019interessato non decider\u00e0 di cancellare i dati immessi, mediante comunicazione al Titolare.<\/p>\n<p><strong> DIRITTI DEGLI INTERESSATI<\/strong><\/p>\n<p>I soggetti cui si riferiscono i dati personali hanno il diritto, in qualunque momento, di ottenere la conferma dell\u2019esistenza o meno dei medesimi dati e di conoscerne il contenuto e l\u2019origine, verificarne l\u2019esattezza o chiederne l\u2019integrazione o l\u2019aggiornamento, oppure la rettificazione (art. 7 del d.lgs. n. 196\/2003). Pu\u00f2 altres\u00ec chiedere di conoscere l\u2019origine dei dati, la logica, le finalit\u00e0 e le modalit\u00e0 su cui si basa il trattamento nonch\u00e8 gli estremi identificativi del Titolare del trattamento, del Responsabile, del Rappresentante nel territorio dello Stato e dei soggetti\/categorie cui possono venir comunicati i dati o che possono venire a conoscenza in qualit\u00e0 di rappresentante designato nello Stato, di Responsabili o Incaricati. Pu\u00f2 ottenere la cancellazione, la trasformazione in forma anonima o il blocco dei dati trattati in violazione di legge nonch\u00e8 l\u2019aggiornamento, la rettificazione o, se vi \u00e8 interesse, l\u2019integrazione dei dati; pu\u00f2 ottenere altres\u00ec attestazione che le dette operazioni sono state portate a conoscenza di cui i dati sono stati comunicati; pu\u00f2 opporsi, per motivi legittimi, al trattamento stesso. Le richieste vanno rivolte al Titolare all\u2019indirizzo sopra indicato.<\/p>\n","protected":false},"excerpt":{"rendered":"<p>Informativa sulla Privacy Come previsto dal Decreto Legislativo n. 196 del 30 giugno 2003 che ha sostituito la Legge n. 675 del 31 dicembre 1996, la societ\u00e0 Smart di Claudio D&#8217;Aurelio con sede in Chieti in via Madonna degli Angeli, 30\/b &#8211; 66100 Chieti con P.IVA 02000620696, titolare del trattamento dati (d\u2019ora innanzi \u201cTitolare\u201d) relativo [&hellip;]<\/p>\n","protected":false},"author":1,"featured_media":0,"parent":0,"menu_order":0,"comment_status":"closed","ping_status":"open","template":"page-templates\/full-width.php","meta":{"footnotes":""},"_links":{"self":[{"href":"https:\/\/www.vendesiaffittasi.it\/pagine\/wp-json\/wp\/v2\/pages\/152"}],"collection":[{"href":"https:\/\/www.vendesiaffittasi.it\/pagine\/wp-json\/wp\/v2\/pages"}],"about":[{"href":"https:\/\/www.vendesiaffittasi.it\/pagine\/wp-json\/wp\/v2\/types\/page"}],"author":[{"embeddable":true,"href":"https:\/\/www.vendesiaffittasi.it\/pagine\/wp-json\/wp\/v2\/users\/1"}],"replies":[{"embeddable":true,"href":"https:\/\/www.vendesiaffittasi.it\/pagine\/wp-json\/wp\/v2\/comments?post=152"}],"version-history":[{"count":4,"href":"https:\/\/www.vendesiaffittasi.it\/pagine\/wp-json\/wp\/v2\/pages\/152\/revisions"}],"predecessor-version":[{"id":278,"href":"https:\/\/www.vendesiaffittasi.it\/pagine\/wp-json\/wp\/v2\/pages\/152\/revisions\/278"}],"wp:attachment":[{"href":"https:\/\/www.vendesiaffittasi.it\/pagine\/wp-json\/wp\/v2\/media?parent=152"}],"curies":[{"name":"wp","href":"https:\/\/api.w.org\/{rel}","templated":true}]}}